{"id":270,"date":"2021-09-29T09:02:28","date_gmt":"2021-09-29T07:02:28","guid":{"rendered":"https:\/\/www.lacasadelelectrodomestico.com\/blog\/?page_id=270"},"modified":"2021-09-29T09:03:04","modified_gmt":"2021-09-29T07:03:04","slug":"politica-de-privacidad","status":"publish","type":"page","link":"https:\/\/www.lacasadelelectrodomestico.com\/blog\/politica-de-privacidad\/","title":{"rendered":"Pol\u00edtica de privacidad"},"content":{"rendered":"<p>Los datos personales que sean recogidos en los diferentes formularios de lacasadelelectrodomestico.com se informar\u00e1, seg\u00fan la normativa vigente de protecci\u00f3n de datos, de lo siguiente: las finalidades para cual van a ser tratados, la legitimaci\u00f3n, los plazos de conservaci\u00f3n, las posibles comunicaciones a terceros, el derecho a reclamar ante la Agencia Espa\u00f1ola de Protecci\u00f3n de Datos (www.aepd.es) y el resto de derechos que ostenta el afectado, siendo siempre el responsable del tratamiento: ELECTRICIDAD MORENO CASTILLO, S.L., C\/ Merindad de Cuesta Urr\u00eda 8, 09001 Burgos o atencionalcliente@lacasadelelectrodomestico.com<\/p>\n","protected":false},"excerpt":{"rendered":"<p>Los datos personales que sean recogidos en los diferentes formularios de lacasadelelectrodomestico.com se informar\u00e1, seg\u00fan la normativa vigente de protecci\u00f3n de datos, de lo siguiente: las finalidades para cual van a ser tratados, la legitimaci\u00f3n, los plazos de conservaci\u00f3n, las posibles comunicaciones a terceros, el derecho a reclamar ante la Agencia Espa\u00f1ola de Protecci\u00f3n de [&hellip;]<\/p>\n","protected":false},"author":2,"featured_media":0,"parent":0,"menu_order":0,"comment_status":"closed","ping_status":"closed","template":"","meta":{"footnotes":""},"class_list":["post-270","page","type-page","status-publish","hentry"],"yoast_head":"<!-- This site is optimized with the Yoast SEO plugin v26.1.1 - https:\/\/yoast.com\/wordpress\/plugins\/seo\/ -->\n<title>Pol\u00edtica de privacidad - Blog de La Casa Del Electrodom\u00e9stico<\/title>\n<meta name=\"robots\" content=\"index, follow, max-snippet:-1, max-image-preview:large, max-video-preview:-1\" \/>\n<link rel=\"canonical\" href=\"https:\/\/www.lacasadelelectrodomestico.com\/blog\/politica-de-privacidad\/\" \/>\n<meta property=\"og:locale\" content=\"es_ES\" \/>\n<meta property=\"og:type\" content=\"article\" \/>\n<meta property=\"og:title\" content=\"Pol\u00edtica de privacidad - Blog de La Casa Del Electrodom\u00e9stico\" \/>\n<meta property=\"og:description\" content=\"Los datos personales que sean recogidos en los diferentes formularios de lacasadelelectrodomestico.com se informar\u00e1, seg\u00fan la normativa vigente de protecci\u00f3n de datos, de lo siguiente: las finalidades para cual van a ser tratados, la legitimaci\u00f3n, los plazos de conservaci\u00f3n, las posibles comunicaciones a terceros, el derecho a reclamar ante la Agencia Espa\u00f1ola de Protecci\u00f3n de [&hellip;]\" \/>\n<meta property=\"og:url\" content=\"https:\/\/www.lacasadelelectrodomestico.com\/blog\/politica-de-privacidad\/\" \/>\n<meta property=\"og:site_name\" content=\"Blog de La Casa Del Electrodom\u00e9stico\" \/>\n<meta property=\"article:modified_time\" content=\"2021-09-29T07:03:04+00:00\" \/>\n<meta name=\"twitter:card\" content=\"summary_large_image\" \/>\n<script type=\"application\/ld+json\" class=\"yoast-schema-graph\">{\"@context\":\"https:\/\/schema.org\",\"@graph\":[{\"@type\":\"WebPage\",\"@id\":\"https:\/\/www.lacasadelelectrodomestico.com\/blog\/politica-de-privacidad\/\",\"url\":\"https:\/\/www.lacasadelelectrodomestico.com\/blog\/politica-de-privacidad\/\",\"name\":\"Pol\u00edtica de privacidad - Blog de La Casa Del Electrodom\u00e9stico\",\"isPartOf\":{\"@id\":\"https:\/\/www.lacasadelelectrodomestico.com\/blog\/#website\"},\"datePublished\":\"2021-09-29T07:02:28+00:00\",\"dateModified\":\"2021-09-29T07:03:04+00:00\",\"breadcrumb\":{\"@id\":\"https:\/\/www.lacasadelelectrodomestico.com\/blog\/politica-de-privacidad\/#breadcrumb\"},\"inLanguage\":\"es\",\"potentialAction\":[{\"@type\":\"ReadAction\",\"target\":[\"https:\/\/www.lacasadelelectrodomestico.com\/blog\/politica-de-privacidad\/\"]}]},{\"@type\":\"BreadcrumbList\",\"@id\":\"https:\/\/www.lacasadelelectrodomestico.com\/blog\/politica-de-privacidad\/#breadcrumb\",\"itemListElement\":[{\"@type\":\"ListItem\",\"position\":1,\"name\":\"Blog\",\"item\":\"https:\/\/www.lacasadelelectrodomestico.com\/blog\/\"},{\"@type\":\"ListItem\",\"position\":2,\"name\":\"Pol\u00edtica de privacidad\"}]},{\"@type\":\"WebSite\",\"@id\":\"https:\/\/www.lacasadelelectrodomestico.com\/blog\/#website\",\"url\":\"https:\/\/www.lacasadelelectrodomestico.com\/blog\/\",\"name\":\"Blog de La Casa Del Electrodom\u00e9stico\",\"description\":\"\",\"publisher\":{\"@id\":\"https:\/\/www.lacasadelelectrodomestico.com\/blog\/#organization\"},\"inLanguage\":\"es\"},{\"@type\":\"Organization\",\"@id\":\"https:\/\/www.lacasadelelectrodomestico.com\/blog\/#organization\",\"name\":\"Blog de electrodom\u00e9sticos - La Casa del Electrodom\u00e9stico\",\"url\":\"https:\/\/www.lacasadelelectrodomestico.com\/blog\/\",\"logo\":{\"@type\":\"ImageObject\",\"inLanguage\":\"es\",\"@id\":\"https:\/\/www.lacasadelelectrodomestico.com\/blog\/#\/schema\/logo\/image\/\",\"url\":\"https:\/\/www.lacasadelelectrodomestico.com\/blog\/wp-content\/uploads\/2021\/05\/la-casa-del-electrodomestico-logo.jpg\",\"contentUrl\":\"https:\/\/www.lacasadelelectrodomestico.com\/blog\/wp-content\/uploads\/2021\/05\/la-casa-del-electrodomestico-logo.jpg\",\"width\":300,\"height\":300,\"caption\":\"Blog de electrodom\u00e9sticos - La Casa del Electrodom\u00e9stico\"},\"image\":{\"@id\":\"https:\/\/www.lacasadelelectrodomestico.com\/blog\/#\/schema\/logo\/image\/\"}}]}<\/script>\n<!-- \/ Yoast SEO plugin. -->","yoast_head_json":{"title":"Pol\u00edtica de privacidad - Blog de La Casa Del Electrodom\u00e9stico","robots":{"index":"index","follow":"follow","max-snippet":"max-snippet:-1","max-image-preview":"max-image-preview:large","max-video-preview":"max-video-preview:-1"},"canonical":"https:\/\/www.lacasadelelectrodomestico.com\/blog\/politica-de-privacidad\/","og_locale":"es_ES","og_type":"article","og_title":"Pol\u00edtica de privacidad - Blog de La Casa Del Electrodom\u00e9stico","og_description":"Los datos personales que sean recogidos en los diferentes formularios de lacasadelelectrodomestico.com se informar\u00e1, seg\u00fan la normativa vigente de protecci\u00f3n de datos, de lo siguiente: las finalidades para cual van a ser tratados, la legitimaci\u00f3n, los plazos de conservaci\u00f3n, las posibles comunicaciones a terceros, el derecho a reclamar ante la Agencia Espa\u00f1ola de Protecci\u00f3n de [&hellip;]","og_url":"https:\/\/www.lacasadelelectrodomestico.com\/blog\/politica-de-privacidad\/","og_site_name":"Blog de La Casa Del Electrodom\u00e9stico","article_modified_time":"2021-09-29T07:03:04+00:00","twitter_card":"summary_large_image","schema":{"@context":"https:\/\/schema.org","@graph":[{"@type":"WebPage","@id":"https:\/\/www.lacasadelelectrodomestico.com\/blog\/politica-de-privacidad\/","url":"https:\/\/www.lacasadelelectrodomestico.com\/blog\/politica-de-privacidad\/","name":"Pol\u00edtica de privacidad - Blog de La Casa Del Electrodom\u00e9stico","isPartOf":{"@id":"https:\/\/www.lacasadelelectrodomestico.com\/blog\/#website"},"datePublished":"2021-09-29T07:02:28+00:00","dateModified":"2021-09-29T07:03:04+00:00","breadcrumb":{"@id":"https:\/\/www.lacasadelelectrodomestico.com\/blog\/politica-de-privacidad\/#breadcrumb"},"inLanguage":"es","potentialAction":[{"@type":"ReadAction","target":["https:\/\/www.lacasadelelectrodomestico.com\/blog\/politica-de-privacidad\/"]}]},{"@type":"BreadcrumbList","@id":"https:\/\/www.lacasadelelectrodomestico.com\/blog\/politica-de-privacidad\/#breadcrumb","itemListElement":[{"@type":"ListItem","position":1,"name":"Blog","item":"https:\/\/www.lacasadelelectrodomestico.com\/blog\/"},{"@type":"ListItem","position":2,"name":"Pol\u00edtica de privacidad"}]},{"@type":"WebSite","@id":"https:\/\/www.lacasadelelectrodomestico.com\/blog\/#website","url":"https:\/\/www.lacasadelelectrodomestico.com\/blog\/","name":"Blog de La Casa Del Electrodom\u00e9stico","description":"","publisher":{"@id":"https:\/\/www.lacasadelelectrodomestico.com\/blog\/#organization"},"inLanguage":"es"},{"@type":"Organization","@id":"https:\/\/www.lacasadelelectrodomestico.com\/blog\/#organization","name":"Blog de electrodom\u00e9sticos - La Casa del Electrodom\u00e9stico","url":"https:\/\/www.lacasadelelectrodomestico.com\/blog\/","logo":{"@type":"ImageObject","inLanguage":"es","@id":"https:\/\/www.lacasadelelectrodomestico.com\/blog\/#\/schema\/logo\/image\/","url":"https:\/\/www.lacasadelelectrodomestico.com\/blog\/wp-content\/uploads\/2021\/05\/la-casa-del-electrodomestico-logo.jpg","contentUrl":"https:\/\/www.lacasadelelectrodomestico.com\/blog\/wp-content\/uploads\/2021\/05\/la-casa-del-electrodomestico-logo.jpg","width":300,"height":300,"caption":"Blog de electrodom\u00e9sticos - La Casa del Electrodom\u00e9stico"},"image":{"@id":"https:\/\/www.lacasadelelectrodomestico.com\/blog\/#\/schema\/logo\/image\/"}}]}},"_links":{"self":[{"href":"https:\/\/www.lacasadelelectrodomestico.com\/blog\/wp-json\/wp\/v2\/pages\/270","targetHints":{"allow":["GET"]}}],"collection":[{"href":"https:\/\/www.lacasadelelectrodomestico.com\/blog\/wp-json\/wp\/v2\/pages"}],"about":[{"href":"https:\/\/www.lacasadelelectrodomestico.com\/blog\/wp-json\/wp\/v2\/types\/page"}],"author":[{"embeddable":true,"href":"https:\/\/www.lacasadelelectrodomestico.com\/blog\/wp-json\/wp\/v2\/users\/2"}],"replies":[{"embeddable":true,"href":"https:\/\/www.lacasadelelectrodomestico.com\/blog\/wp-json\/wp\/v2\/comments?post=270"}],"version-history":[{"count":0,"href":"https:\/\/www.lacasadelelectrodomestico.com\/blog\/wp-json\/wp\/v2\/pages\/270\/revisions"}],"wp:attachment":[{"href":"https:\/\/www.lacasadelelectrodomestico.com\/blog\/wp-json\/wp\/v2\/media?parent=270"}],"curies":[{"name":"wp","href":"https:\/\/api.w.org\/{rel}","templated":true}]}}